{"id":812,"date":"2022-02-07T16:20:47","date_gmt":"2022-02-07T15:20:47","guid":{"rendered":"https:\/\/zoneregeling.nl\/zoneregeling\/?page_id=812"},"modified":"2023-04-11T13:28:58","modified_gmt":"2023-04-11T11:28:58","slug":"optima-zoneregelingen","status":"publish","type":"page","link":"https:\/\/etageregeling.nl\/er\/optima-zoneregelingen\/","title":{"rendered":"Optima Zoneregelingen"},"content":{"rendered":"\n<h3 class=\"wp-block-heading\"><strong>Optima Zoneregelingen<\/strong><\/h3>\n\n\n\n<p>De Optima zoneregelingen zijn grotendeels eigen ontwikkelingen van de volgende producten:<\/p>\n\n\n\n<h3 class=\"wp-block-heading\"><strong>Optima draadloze thermostaat<\/strong><\/h3>\n\n\n<div class=\"wp-block-image\">\n<figure class=\"aligncenter size-full\"><img decoding=\"async\" src=\"https:\/\/zoneregeling.nl\/zoneregeling\/wp-content\/uploads\/2022\/02\/optimathermostaat.jpg\" alt=\"\" class=\"wp-image-816\"\/><\/figure>\n<\/div>\n\n\n<p><strong>De draadloze Optima thermostaat biedt een zeer groot voordeel t.o.v. de vele draadloze thermostaten die op de markt zijn: aan de thermostaat kunnen diverse extra ontvangers gekoppeld worden. Daardoor ontstaat de situatie dat met \u00e9\u00e9n thermostaat diverse functies tegelijk aangestuurd kunnen worden.<\/strong><\/p>\n\n\n\n<p>De draadloze Optima thermostaten zijn op het principe van \u00e9\u00e9n richting verkeer, de thermostaat communiceert met de ontvanger. Door de stabiele frequentie van 868Mhz functioneert deze thermostaat met \u00e9\u00e9n of meerdere ontvangers zeer goed en betrouwbaar. De thermostaat kan gekoppeld (gepaird) worden met  \u00e9\u00e9n of meerdere ontvangers of een draadloze ontvanger met randaarde:<\/p>\n\n\n<div class=\"wp-block-image\">\n<figure class=\"aligncenter size-full is-resized\"><img loading=\"lazy\" decoding=\"async\" src=\"https:\/\/zoneregeling.nl\/zoneregeling\/wp-content\/uploads\/2022\/02\/optimaontvangers-1.jpg\" alt=\"\" class=\"wp-image-821\" width=\"520\" height=\"381\"\/><\/figure>\n<\/div>\n\n\n<p>Door deze unieke koppelingsmogelijkheden van de draadloze Optima thermostaat kunnen diverse schakelingen worden gemaakt, die bij andere producenten van draadloze thermostaten niet of alleen met veel extra componenten tot stand kunnen worden gebracht.<\/p>\n\n\n\n<p><strong>Zo kan met \u00e9\u00e9n thermostaat bijvoorbeeld een CV-ketel (of ander warm water producerend apparaat) worden geschakeld (aan\/uit) EN gelijktijdig \u00e9\u00e9n of meerdere 2-weg kleppen worden geopend of gesloten.<\/strong><\/p>\n\n\n\n<p>Deze eigenschap vormt de basis van de Heatnet etageregeling, waarmee op eenvoudige manier de temperatuur op meerdere etages onafhankelijk van elkaar kan worden geregeld. (<a href=\"https:\/\/4heat.nl\/Zoneregelingen\/etagerelingen\">voorbeelden onze webshop<\/a>)<\/p>\n\n\n\n<p>Dezelfde Optima is momenteel ook leverbaar in een WIFI versie, zodat op eenvoudige manier ook een  regeling op afstand bestuurd kan worden:<\/p>\n\n\n<div class=\"wp-block-image\">\n<figure class=\"aligncenter size-full is-resized\"><img loading=\"lazy\" decoding=\"async\" src=\"https:\/\/zoneregeling.nl\/zoneregeling\/wp-content\/uploads\/2022\/02\/optima-wifi.jpg\" alt=\"\" class=\"wp-image-826\" width=\"482\" height=\"282\"\/><figcaption class=\"wp-element-caption\">OPTIMA W R2 PLUS RF\/WIFI THERMOSTAAT<\/figcaption><\/figure>\n<\/div>\n\n\n<p><a href=\"https:\/\/zoneregeling.nl\/zoneregeling\/optima-w-r2-rf-wifi\/\"><strong>Bekijk HIER de uitgebreide gegevens en aansluitgegevens van de Optima WIFI thermostaat<\/strong><\/a><\/p>\n\n\n\n<h3 class=\"wp-block-heading\"><strong>Voorbeeld van een zone- of etageregeling met de Optima thermostaat<\/strong><\/h3>\n\n\n\n<p>Deze regeling is geschikt voor vloerverwarming en radiatoren en combinaties daarvan.<\/p>\n\n\n<div class=\"wp-block-image\">\n<figure class=\"aligncenter size-full is-resized\"><img loading=\"lazy\" decoding=\"async\" src=\"https:\/\/zoneregeling.nl\/zoneregeling\/wp-content\/uploads\/2022\/02\/etageregeling-wifi.jpg\" alt=\"\" class=\"wp-image-836\" width=\"427\" height=\"352\"\/><figcaption class=\"wp-element-caption\"><strong><a href=\"https:\/\/4heat.nl\/Zoneregelingen\/etagerelingen\">Klik hier voor meer voorbeelden<\/a><\/strong><\/figcaption><\/figure>\n<\/div>\n\n\n<p>Per draadloze thermostaat worden 2 ontvangers gekoppeld: 1 x om de 2-weg-klep in de aanvoer van de verdeler of  aantal radiatoren, te openen of te sluiten + 1 ontvanger om de CV-ketel aan\/uit te schakelen<\/p>\n\n\n\n<h3 class=\"wp-block-heading\"><strong>Zoneregelingen voor vloerverwarming<\/strong><\/h3>\n\n\n\n<p>Om een zoneregeling te maken voor een vloerverwarming zijn diverse systemen beschikbaar. De temperatuur kan in elke ruimte separaat worden geregeld. Hierbij zijn enkele begrippen van belang:<\/p>\n\n\n\n<ul class=\"wp-block-list\">\n<li>Het aantal <strong>GROEPEN<\/strong> op de vloerverwarmingsverdeler:<\/li>\n<\/ul>\n\n\n<div class=\"wp-block-image\">\n<figure class=\"aligncenter size-full is-resized\"><img loading=\"lazy\" decoding=\"async\" src=\"https:\/\/zoneregeling.nl\/zoneregeling\/wp-content\/uploads\/2022\/02\/robot-verdeler-5.jpg\" alt=\"\" class=\"wp-image-845\" width=\"327\" height=\"174\"\/><\/figure>\n<\/div>\n\n\n<ul class=\"wp-block-list\">\n<li>Het aantal groepen bepaalt het aantal stelmotortjes dat nodig is om de groepen te openen\/sluiten<\/li>\n<\/ul>\n\n\n\n<ul class=\"wp-block-list\">\n<li>Het aantal <strong>ZONES<\/strong> waarin u de groepen wilt verdelen. Een zone kan bestaan uit meerdere groepen, bijvoorbeeld u wilt de woonkamer met 3 groepen en de keuken met 2 groepen apart regelen: dan zijn dat 2 ZONES<\/li>\n\n\n\n<li>Het aantal zones bepaalt het aantal thermostaten: per zone wordt \u00e9\u00e9n thermostaat gebruikt.<\/li>\n<\/ul>\n\n\n\n<h3 class=\"wp-block-heading\"><strong>Opbouw van zoneregeling voor vloerverwarming<\/strong><\/h3>\n\n\n\n<p>Om een zoneregeling voor vloerverwarming te cre\u00ebren zijn nodig:<\/p>\n\n\n\n<ul class=\"wp-block-list\">\n<li>Een <strong><a href=\"https:\/\/4heat.nl\/4Heat-Zoneregelkast\">zoneregelingskast<\/a><\/strong>: hier worden alle onderdelen op aangesloten (of gekoppeld)<\/li>\n\n\n\n<li>een aantal <strong><a href=\"https:\/\/4heat.nl\/Robot-230-Volt-NC-Servomotor\">stelmotortjes<\/a><\/strong> om de groepen op een verdeler te openen of te sluiten. Deze motortjes komen op de groepen waar in de afbeelding hierboven de witte draaiknoppen zitten.<\/li>\n\n\n\n<li>Een aantal<a href=\"https:\/\/4heat.nl\/Thermostaten\"> <strong>thermostaten<\/strong><\/a>: draadloos of bedraad (is gelijk aan het aantal zones waarin het aantal groepen verdeeld dient te worden<\/li>\n<\/ul>\n\n\n\n<h3 class=\"wp-block-heading\"><strong>Voorbeeld van een zoneregelingskast<\/strong><\/h3>\n\n\n<div class=\"wp-block-image\">\n<figure class=\"aligncenter size-full is-resized\"><img loading=\"lazy\" decoding=\"async\" src=\"https:\/\/zoneregeling.nl\/zoneregeling\/wp-content\/uploads\/2022\/02\/zoneregelingskast-1.jpg\" alt=\"\" class=\"wp-image-848\" width=\"387\" height=\"149\"\/><\/figure>\n<\/div>\n\n\n<p>Op de zoneregelingskast worden alle thermostaten en stelmotortjes aangesloten. Tevens wordt via een draadverbinding de cv-ketel aangestuurd.<\/p>\n\n\n\n<h3 class=\"wp-block-heading\"><strong>Voorbeelden van stelmotortje<\/strong><\/h3>\n\n\n<div class=\"wp-block-image\">\n<figure class=\"aligncenter size-full is-resized\"><img loading=\"lazy\" decoding=\"async\" src=\"https:\/\/zoneregeling.nl\/zoneregeling\/wp-content\/uploads\/2022\/02\/stelmotortjes.jpg\" alt=\"\" class=\"wp-image-850\" width=\"653\" height=\"204\"\/><figcaption class=\"wp-element-caption\">Stelmotortjes in diverse uitvoeringen<\/figcaption><\/figure>\n<\/div>\n\n\n<h3 class=\"wp-block-heading\"><strong>Voorbeelden van zoneregelingen<\/strong><\/h3>\n\n\n<div class=\"wp-block-image\">\n<figure class=\"aligncenter size-full is-resized\"><img loading=\"lazy\" decoding=\"async\" src=\"https:\/\/zoneregeling.nl\/zoneregeling\/wp-content\/uploads\/2022\/02\/vorbeeld-regeling-1.jpg\" alt=\"\" class=\"wp-image-855\" width=\"505\" height=\"266\"\/><\/figure>\n<\/div>\n\n<div class=\"wp-block-image\">\n<figure class=\"aligncenter size-full is-resized\"><img loading=\"lazy\" decoding=\"async\" src=\"https:\/\/zoneregeling.nl\/zoneregeling\/wp-content\/uploads\/2022\/02\/vorbeeld-regeling-2.jpg\" alt=\"\" class=\"wp-image-858\" width=\"503\" height=\"378\"\/><\/figure>\n<\/div>\n\n<div class=\"wp-block-image\">\n<figure class=\"aligncenter size-full is-resized\"><img loading=\"lazy\" decoding=\"async\" src=\"https:\/\/zoneregeling.nl\/zoneregeling\/wp-content\/uploads\/2022\/02\/vorbeeld-regeling-1-1.jpg\" alt=\"\" class=\"wp-image-856\" width=\"490\" height=\"486\"\/><\/figure>\n<\/div>","protected":false},"excerpt":{"rendered":"<p>Optima Zoneregelingen De Optima zoneregelingen zijn grotendeels eigen ontwikkelingen van de volgende producten: Optima draadloze thermostaat De draadloze Optima thermostaat biedt een zeer groot voordeel t.o.v. de vele draadloze thermostaten die op de markt zijn: aan de thermostaat kunnen diverse extra ontvangers gekoppeld worden. Daardoor ontstaat de situatie dat met \u00e9\u00e9n thermostaat diverse functies tegelijk &#8230; <a title=\"Optima Zoneregelingen\" class=\"read-more\" href=\"https:\/\/etageregeling.nl\/er\/optima-zoneregelingen\/\" aria-label=\"Lees meer over Optima Zoneregelingen\">Lees meer<\/a><\/p>\n","protected":false},"author":1,"featured_media":0,"parent":0,"menu_order":0,"comment_status":"closed","ping_status":"closed","template":"","meta":{"footnotes":""},"class_list":["post-812","page","type-page","status-publish"],"yoast_head":"<!-- This site is optimized with the Yoast SEO plugin v26.6 - https:\/\/yoast.com\/wordpress\/plugins\/seo\/ -->\n<title>Optima Zoneregelingen - Etageregeling<\/title>\n<meta name=\"robots\" content=\"index, follow, max-snippet:-1, max-image-preview:large, max-video-preview:-1\" \/>\n<link rel=\"canonical\" href=\"https:\/\/etageregeling.nl\/er\/optima-zoneregelingen\/\" \/>\n<meta property=\"og:locale\" content=\"nl_NL\" \/>\n<meta property=\"og:type\" content=\"article\" \/>\n<meta property=\"og:title\" content=\"Optima Zoneregelingen - Etageregeling\" \/>\n<meta property=\"og:description\" content=\"Optima Zoneregelingen De Optima zoneregelingen zijn grotendeels eigen ontwikkelingen van de volgende producten: Optima draadloze thermostaat De draadloze Optima thermostaat biedt een zeer groot voordeel t.o.v. de vele draadloze thermostaten die op de markt zijn: aan de thermostaat kunnen diverse extra ontvangers gekoppeld worden. Daardoor ontstaat de situatie dat met \u00e9\u00e9n thermostaat diverse functies tegelijk ... Lees meer\" \/>\n<meta property=\"og:url\" content=\"https:\/\/etageregeling.nl\/er\/optima-zoneregelingen\/\" \/>\n<meta property=\"og:site_name\" content=\"Etageregeling\" \/>\n<meta property=\"article:publisher\" content=\"https:\/\/www.facebook.com\/heatnetvloerverwarming\" \/>\n<meta property=\"article:modified_time\" content=\"2023-04-11T11:28:58+00:00\" \/>\n<meta property=\"og:image\" content=\"https:\/\/zoneregeling.nl\/zoneregeling\/wp-content\/uploads\/2022\/02\/optimathermostaat.jpg\" \/>\n<meta name=\"twitter:card\" content=\"summary_large_image\" \/>\n<meta name=\"twitter:label1\" content=\"Geschatte leestijd\" \/>\n\t<meta name=\"twitter:data1\" content=\"3 minuten\" \/>\n<script type=\"application\/ld+json\" class=\"yoast-schema-graph\">{\"@context\":\"https:\/\/schema.org\",\"@graph\":[{\"@type\":\"WebPage\",\"@id\":\"https:\/\/etageregeling.nl\/er\/optima-zoneregelingen\/\",\"url\":\"https:\/\/etageregeling.nl\/er\/optima-zoneregelingen\/\",\"name\":\"Optima Zoneregelingen - Etageregeling\",\"isPartOf\":{\"@id\":\"https:\/\/etageregeling.nl\/er\/#website\"},\"primaryImageOfPage\":{\"@id\":\"https:\/\/etageregeling.nl\/er\/optima-zoneregelingen\/#primaryimage\"},\"image\":{\"@id\":\"https:\/\/etageregeling.nl\/er\/optima-zoneregelingen\/#primaryimage\"},\"thumbnailUrl\":\"https:\/\/zoneregeling.nl\/zoneregeling\/wp-content\/uploads\/2022\/02\/optimathermostaat.jpg\",\"datePublished\":\"2022-02-07T15:20:47+00:00\",\"dateModified\":\"2023-04-11T11:28:58+00:00\",\"breadcrumb\":{\"@id\":\"https:\/\/etageregeling.nl\/er\/optima-zoneregelingen\/#breadcrumb\"},\"inLanguage\":\"nl-NL\",\"potentialAction\":[{\"@type\":\"ReadAction\",\"target\":[\"https:\/\/etageregeling.nl\/er\/optima-zoneregelingen\/\"]}]},{\"@type\":\"ImageObject\",\"inLanguage\":\"nl-NL\",\"@id\":\"https:\/\/etageregeling.nl\/er\/optima-zoneregelingen\/#primaryimage\",\"url\":\"https:\/\/zoneregeling.nl\/zoneregeling\/wp-content\/uploads\/2022\/02\/optimathermostaat.jpg\",\"contentUrl\":\"https:\/\/zoneregeling.nl\/zoneregeling\/wp-content\/uploads\/2022\/02\/optimathermostaat.jpg\"},{\"@type\":\"BreadcrumbList\",\"@id\":\"https:\/\/etageregeling.nl\/er\/optima-zoneregelingen\/#breadcrumb\",\"itemListElement\":[{\"@type\":\"ListItem\",\"position\":1,\"name\":\"Home\",\"item\":\"https:\/\/etageregeling.nl\/er\/\"},{\"@type\":\"ListItem\",\"position\":2,\"name\":\"Optima Zoneregelingen\"}]},{\"@type\":\"WebSite\",\"@id\":\"https:\/\/etageregeling.nl\/er\/#website\",\"url\":\"https:\/\/etageregeling.nl\/er\/\",\"name\":\"Etageregeling\",\"description\":\"Heatnet etageregeling\",\"publisher\":{\"@id\":\"https:\/\/etageregeling.nl\/er\/#organization\"},\"potentialAction\":[{\"@type\":\"SearchAction\",\"target\":{\"@type\":\"EntryPoint\",\"urlTemplate\":\"https:\/\/etageregeling.nl\/er\/?s={search_term_string}\"},\"query-input\":{\"@type\":\"PropertyValueSpecification\",\"valueRequired\":true,\"valueName\":\"search_term_string\"}}],\"inLanguage\":\"nl-NL\"},{\"@type\":\"Organization\",\"@id\":\"https:\/\/etageregeling.nl\/er\/#organization\",\"name\":\"Etageregeling\",\"url\":\"https:\/\/etageregeling.nl\/er\/\",\"logo\":{\"@type\":\"ImageObject\",\"inLanguage\":\"nl-NL\",\"@id\":\"https:\/\/etageregeling.nl\/er\/#\/schema\/logo\/image\/\",\"url\":\"https:\/\/etageregeling.nl\/er\/wp-content\/uploads\/2021\/01\/heatnet.gif\",\"contentUrl\":\"https:\/\/etageregeling.nl\/er\/wp-content\/uploads\/2021\/01\/heatnet.gif\",\"width\":379,\"height\":45,\"caption\":\"Etageregeling\"},\"image\":{\"@id\":\"https:\/\/etageregeling.nl\/er\/#\/schema\/logo\/image\/\"},\"sameAs\":[\"https:\/\/www.facebook.com\/heatnetvloerverwarming\"]}]}<\/script>\n<!-- \/ Yoast SEO plugin. -->","yoast_head_json":{"title":"Optima Zoneregelingen - Etageregeling","robots":{"index":"index","follow":"follow","max-snippet":"max-snippet:-1","max-image-preview":"max-image-preview:large","max-video-preview":"max-video-preview:-1"},"canonical":"https:\/\/etageregeling.nl\/er\/optima-zoneregelingen\/","og_locale":"nl_NL","og_type":"article","og_title":"Optima Zoneregelingen - Etageregeling","og_description":"Optima Zoneregelingen De Optima zoneregelingen zijn grotendeels eigen ontwikkelingen van de volgende producten: Optima draadloze thermostaat De draadloze Optima thermostaat biedt een zeer groot voordeel t.o.v. de vele draadloze thermostaten die op de markt zijn: aan de thermostaat kunnen diverse extra ontvangers gekoppeld worden. Daardoor ontstaat de situatie dat met \u00e9\u00e9n thermostaat diverse functies tegelijk ... Lees meer","og_url":"https:\/\/etageregeling.nl\/er\/optima-zoneregelingen\/","og_site_name":"Etageregeling","article_publisher":"https:\/\/www.facebook.com\/heatnetvloerverwarming","article_modified_time":"2023-04-11T11:28:58+00:00","og_image":[{"url":"https:\/\/zoneregeling.nl\/zoneregeling\/wp-content\/uploads\/2022\/02\/optimathermostaat.jpg","type":"","width":"","height":""}],"twitter_card":"summary_large_image","twitter_misc":{"Geschatte leestijd":"3 minuten"},"schema":{"@context":"https:\/\/schema.org","@graph":[{"@type":"WebPage","@id":"https:\/\/etageregeling.nl\/er\/optima-zoneregelingen\/","url":"https:\/\/etageregeling.nl\/er\/optima-zoneregelingen\/","name":"Optima Zoneregelingen - Etageregeling","isPartOf":{"@id":"https:\/\/etageregeling.nl\/er\/#website"},"primaryImageOfPage":{"@id":"https:\/\/etageregeling.nl\/er\/optima-zoneregelingen\/#primaryimage"},"image":{"@id":"https:\/\/etageregeling.nl\/er\/optima-zoneregelingen\/#primaryimage"},"thumbnailUrl":"https:\/\/zoneregeling.nl\/zoneregeling\/wp-content\/uploads\/2022\/02\/optimathermostaat.jpg","datePublished":"2022-02-07T15:20:47+00:00","dateModified":"2023-04-11T11:28:58+00:00","breadcrumb":{"@id":"https:\/\/etageregeling.nl\/er\/optima-zoneregelingen\/#breadcrumb"},"inLanguage":"nl-NL","potentialAction":[{"@type":"ReadAction","target":["https:\/\/etageregeling.nl\/er\/optima-zoneregelingen\/"]}]},{"@type":"ImageObject","inLanguage":"nl-NL","@id":"https:\/\/etageregeling.nl\/er\/optima-zoneregelingen\/#primaryimage","url":"https:\/\/zoneregeling.nl\/zoneregeling\/wp-content\/uploads\/2022\/02\/optimathermostaat.jpg","contentUrl":"https:\/\/zoneregeling.nl\/zoneregeling\/wp-content\/uploads\/2022\/02\/optimathermostaat.jpg"},{"@type":"BreadcrumbList","@id":"https:\/\/etageregeling.nl\/er\/optima-zoneregelingen\/#breadcrumb","itemListElement":[{"@type":"ListItem","position":1,"name":"Home","item":"https:\/\/etageregeling.nl\/er\/"},{"@type":"ListItem","position":2,"name":"Optima Zoneregelingen"}]},{"@type":"WebSite","@id":"https:\/\/etageregeling.nl\/er\/#website","url":"https:\/\/etageregeling.nl\/er\/","name":"Etageregeling","description":"Heatnet etageregeling","publisher":{"@id":"https:\/\/etageregeling.nl\/er\/#organization"},"potentialAction":[{"@type":"SearchAction","target":{"@type":"EntryPoint","urlTemplate":"https:\/\/etageregeling.nl\/er\/?s={search_term_string}"},"query-input":{"@type":"PropertyValueSpecification","valueRequired":true,"valueName":"search_term_string"}}],"inLanguage":"nl-NL"},{"@type":"Organization","@id":"https:\/\/etageregeling.nl\/er\/#organization","name":"Etageregeling","url":"https:\/\/etageregeling.nl\/er\/","logo":{"@type":"ImageObject","inLanguage":"nl-NL","@id":"https:\/\/etageregeling.nl\/er\/#\/schema\/logo\/image\/","url":"https:\/\/etageregeling.nl\/er\/wp-content\/uploads\/2021\/01\/heatnet.gif","contentUrl":"https:\/\/etageregeling.nl\/er\/wp-content\/uploads\/2021\/01\/heatnet.gif","width":379,"height":45,"caption":"Etageregeling"},"image":{"@id":"https:\/\/etageregeling.nl\/er\/#\/schema\/logo\/image\/"},"sameAs":["https:\/\/www.facebook.com\/heatnetvloerverwarming"]}]}},"_links":{"self":[{"href":"https:\/\/etageregeling.nl\/er\/wp-json\/wp\/v2\/pages\/812","targetHints":{"allow":["GET"]}}],"collection":[{"href":"https:\/\/etageregeling.nl\/er\/wp-json\/wp\/v2\/pages"}],"about":[{"href":"https:\/\/etageregeling.nl\/er\/wp-json\/wp\/v2\/types\/page"}],"author":[{"embeddable":true,"href":"https:\/\/etageregeling.nl\/er\/wp-json\/wp\/v2\/users\/1"}],"replies":[{"embeddable":true,"href":"https:\/\/etageregeling.nl\/er\/wp-json\/wp\/v2\/comments?post=812"}],"version-history":[{"count":4,"href":"https:\/\/etageregeling.nl\/er\/wp-json\/wp\/v2\/pages\/812\/revisions"}],"predecessor-version":[{"id":1219,"href":"https:\/\/etageregeling.nl\/er\/wp-json\/wp\/v2\/pages\/812\/revisions\/1219"}],"wp:attachment":[{"href":"https:\/\/etageregeling.nl\/er\/wp-json\/wp\/v2\/media?parent=812"}],"curies":[{"name":"wp","href":"https:\/\/api.w.org\/{rel}","templated":true}]}}